{"id":3522,"date":"2021-12-09T06:26:49","date_gmt":"2021-12-09T05:26:49","guid":{"rendered":"https:\/\/medicate.peacefulqode.com\/?page_id=3522"},"modified":"2023-10-10T15:04:47","modified_gmt":"2023-10-10T13:04:47","slug":"diabetologie","status":"publish","type":"page","link":"https:\/\/www.chip.cd\/?page_id=3522","title":{"rendered":"Diabetologie"},"content":{"rendered":"\t\t<div data-elementor-type=\"wp-page\" data-elementor-id=\"3522\" class=\"elementor elementor-3522\">\n\t\t\t\t\t\t\t\t\t<div class=\"elementor-section elementor-top-section elementor-element elementor-element-0746f40 elementor-section-stretched elementor-section-boxed elementor-section-height-default elementor-section-height-default\" data-id=\"0746f40\" data-element_type=\"section\" data-settings=\"{&quot;stretch_section&quot;:&quot;section-stretched&quot;}\">\n\t\t\t\t\t\t<div class=\"elementor-container elementor-column-gap-default\">\n\t\t\t\t\t<div class=\"elementor-column elementor-col-33 elementor-top-column elementor-element elementor-element-eaf7895\" data-id=\"eaf7895\" data-element_type=\"column\">\n\t\t\t<div class=\"elementor-widget-wrap elementor-element-populated\">\n\t\t\t\t\t\t\t\t<div class=\"elementor-element elementor-element-c09c185 elementor-widget elementor-widget-sidebar\" data-id=\"c09c185\" data-element_type=\"widget\" data-widget_type=\"sidebar.default\">\n\t\t\t\t<div class=\"elementor-widget-container\">\n\t\t\t<div class=\"widget widget-port\"><div class=\"menu-service-menu-container\"><ul id=\"menu-service-menu\" class=\"menu\"><li id=\"menu-item-3759\" class=\"menu-item menu-item-type-post_type menu-item-object-page menu-item-3759\"><a href=\"https:\/\/www.chip.cd\/?page_id=3518\">Urgences et Hospitalisation<\/a><\/li>\n<li id=\"menu-item-3761\" class=\"menu-item menu-item-type-post_type menu-item-object-page menu-item-3761\"><a href=\"https:\/\/www.chip.cd\/?page_id=3494\">Cardiologie<\/a><\/li>\n<li id=\"menu-item-3762\" class=\"menu-item menu-item-type-post_type menu-item-object-page menu-item-3762\"><a href=\"https:\/\/www.chip.cd\/?page_id=3490\">N\u00e9phrologie<\/a><\/li>\n<li id=\"menu-item-3758\" class=\"menu-item menu-item-type-post_type menu-item-object-page menu-item-3758\"><a href=\"https:\/\/www.chip.cd\/?page_id=3522\">Diabetologie<\/a><\/li>\n<li id=\"menu-item-3760\" class=\"menu-item menu-item-type-post_type menu-item-object-page menu-item-3760\"><a href=\"https:\/\/www.chip.cd\/?page_id=3498\">Gastro-enterologie<\/a><\/li>\n<li id=\"menu-item-3765\" class=\"menu-item menu-item-type-post_type menu-item-object-page menu-item-3765\"><a href=\"https:\/\/www.chip.cd\/?page_id=3474\">M\u00e8re et Enfant<\/a><\/li>\n<li id=\"menu-item-3764\" class=\"menu-item menu-item-type-post_type menu-item-object-page menu-item-3764\"><a href=\"https:\/\/www.chip.cd\/?page_id=3478\">Imagerie M\u00e9dicale \/ Laboratoire et Anapath<\/a><\/li>\n<li id=\"menu-item-18105\" class=\"menu-item menu-item-type-post_type menu-item-object-page menu-item-18105\"><a href=\"https:\/\/www.chip.cd\/?page_id=18095\">Neurologie<\/a><\/li>\n<li id=\"menu-item-18106\" class=\"menu-item menu-item-type-post_type menu-item-object-page menu-item-18106\"><a href=\"https:\/\/www.chip.cd\/?page_id=18091\">Orl<\/a><\/li>\n<li id=\"menu-item-18107\" class=\"menu-item menu-item-type-post_type menu-item-object-page menu-item-18107\"><a href=\"https:\/\/www.chip.cd\/?page_id=18038\">Oncologie<\/a><\/li>\n<li id=\"menu-item-18108\" class=\"menu-item menu-item-type-post_type menu-item-object-page menu-item-18108\"><a href=\"https:\/\/www.chip.cd\/?page_id=18097\">M\u00e9decine Physique Et R\u00e9adaptation<\/a><\/li>\n<li id=\"menu-item-18109\" class=\"menu-item menu-item-type-post_type menu-item-object-page menu-item-18109\"><a href=\"https:\/\/www.chip.cd\/?page_id=18071\">Ophtalmologie<\/a><\/li>\n<li id=\"menu-item-18110\" class=\"menu-item menu-item-type-post_type menu-item-object-page menu-item-18110\"><a href=\"https:\/\/www.chip.cd\/?page_id=18084\">Dentisterie<\/a><\/li>\n<li id=\"menu-item-18112\" class=\"menu-item menu-item-type-post_type menu-item-object-page menu-item-18112\"><a href=\"https:\/\/www.chip.cd\/?page_id=18077\">Orthop\u00e9die Et Traumatologie<\/a><\/li>\n<li id=\"menu-item-18118\" class=\"menu-item menu-item-type-post_type menu-item-object-page menu-item-18118\"><a href=\"https:\/\/www.chip.cd\/?page_id=18032\">Chirurgie Maxillo-Faciale Et Stomatologie<\/a><\/li>\n<li id=\"menu-item-18120\" class=\"menu-item menu-item-type-post_type menu-item-object-page menu-item-18120\"><a href=\"https:\/\/www.chip.cd\/?page_id=18047\">Anapath<\/a><\/li>\n<li id=\"menu-item-18122\" class=\"menu-item menu-item-type-post_type menu-item-object-page menu-item-18122\"><a href=\"https:\/\/www.chip.cd\/?page_id=3494\">Cardiologie<\/a><\/li>\n<li id=\"menu-item-18117\" class=\"menu-item menu-item-type-post_type menu-item-object-page menu-item-18117\"><a href=\"https:\/\/www.chip.cd\/?page_id=18030\">Neurochirurgie<\/a><\/li>\n<li id=\"menu-item-18113\" class=\"menu-item menu-item-type-post_type menu-item-object-page menu-item-18113\"><a href=\"https:\/\/www.chip.cd\/?page_id=18074\">Chirurgie Cardiaque Et Thoracique<\/a><\/li>\n<li id=\"menu-item-18116\" class=\"menu-item menu-item-type-post_type menu-item-object-page menu-item-18116\"><a href=\"https:\/\/www.chip.cd\/?page_id=18058\">Chirurgie Digestive<\/a><\/li>\n<li id=\"menu-item-18114\" class=\"menu-item menu-item-type-post_type menu-item-object-page menu-item-18114\"><a href=\"https:\/\/www.chip.cd\/?page_id=18066\">Urologie<\/a><\/li>\n<li id=\"menu-item-18124\" class=\"menu-item menu-item-type-post_type menu-item-object-page menu-item-18124\"><a href=\"https:\/\/www.chip.cd\/?page_id=18074\">Chirurgie Cardiaque Et Thoracique<\/a><\/li>\n<li id=\"menu-item-18115\" class=\"menu-item menu-item-type-post_type menu-item-object-page menu-item-18115\"><a href=\"https:\/\/www.chip.cd\/?page_id=18062\">Chirurgie Endovasculaire<\/a><\/li>\n<li id=\"menu-item-18125\" class=\"menu-item menu-item-type-post_type menu-item-object-page menu-item-18125\"><a href=\"https:\/\/www.chip.cd\/?page_id=18058\">Chirurgie Digestive<\/a><\/li>\n<li id=\"menu-item-18126\" class=\"menu-item menu-item-type-post_type menu-item-object-page menu-item-18126\"><a href=\"https:\/\/www.chip.cd\/?page_id=18062\">Chirurgie Endovasculaire<\/a><\/li>\n<li id=\"menu-item-18127\" class=\"menu-item menu-item-type-post_type menu-item-object-page menu-item-18127\"><a href=\"https:\/\/www.chip.cd\/?page_id=18032\">Chirurgie Maxillo-Faciale Et Stomatologie<\/a><\/li>\n<li id=\"menu-item-18129\" class=\"menu-item menu-item-type-post_type menu-item-object-page menu-item-18129\"><a href=\"https:\/\/www.chip.cd\/?page_id=3498\">Gastro-enterologie<\/a><\/li>\n<li id=\"menu-item-18130\" class=\"menu-item menu-item-type-post_type menu-item-object-page menu-item-18130\"><a href=\"https:\/\/www.chip.cd\/?page_id=18033\">H\u00e9matologie<\/a><\/li>\n<\/ul><\/div><\/div><div class=\"widget widget-port\">\n<figure class=\"wp-block-image size-full is-style-default\"><img fetchpriority=\"high\" decoding=\"async\" fetchpriority=\"high\" width=\"600\" height=\"745\" src=\"https:\/\/www.chip.cd\/wp-content\/uploads\/2023\/10\/call-img-1-2.jpg\" alt=\"\" class=\"wp-image-17897\" srcset=\"https:\/\/www.chip.cd\/wp-content\/uploads\/2023\/10\/call-img-1-2.jpg 600w, https:\/\/www.chip.cd\/wp-content\/uploads\/2023\/10\/call-img-1-2-242x300.jpg 242w\" sizes=\"(max-width: 600px) 100vw, 600px\" \/><\/figure>\n<\/div>\t\t<\/div>\n\t\t\t\t<\/div>\n\t\t\t\t\t<\/div>\n\t\t<\/div>\n\t\t\t\t<div class=\"elementor-column elementor-col-66 elementor-top-column elementor-element elementor-element-38c5402\" data-id=\"38c5402\" data-element_type=\"column\">\n\t\t\t<div class=\"elementor-widget-wrap elementor-element-populated\">\n\t\t\t\t\t\t\t\t<div class=\"elementor-element elementor-element-85518cf elementor-widget elementor-widget-image\" data-id=\"85518cf\" data-element_type=\"widget\" data-widget_type=\"image.default\">\n\t\t\t\t<div class=\"elementor-widget-container\">\n\t\t\t<style>\/*! elementor - v3.18.0 - 04-12-2023 *\/\n.elementor-widget-image{text-align:center}.elementor-widget-image a{display:inline-block}.elementor-widget-image a img[src$=\".svg\"]{width:48px}.elementor-widget-image img{vertical-align:middle;display:inline-block}<\/style>\t\t\t\t\t\t\t\t\t\t\t\t<img decoding=\"async\" width=\"1400\" height=\"800\" src=\"https:\/\/www.chip.cd\/wp-content\/uploads\/2023\/10\/diabetologie-.jpg\" class=\"attachment-full size-full wp-image-17783\" alt=\"\" srcset=\"https:\/\/www.chip.cd\/wp-content\/uploads\/2023\/10\/diabetologie-.jpg 1400w, https:\/\/www.chip.cd\/wp-content\/uploads\/2023\/10\/diabetologie--300x171.jpg 300w, https:\/\/www.chip.cd\/wp-content\/uploads\/2023\/10\/diabetologie--1024x585.jpg 1024w, https:\/\/www.chip.cd\/wp-content\/uploads\/2023\/10\/diabetologie--768x439.jpg 768w, https:\/\/www.chip.cd\/wp-content\/uploads\/2023\/10\/diabetologie--600x343.jpg 600w\" sizes=\"(max-width: 1400px) 100vw, 1400px\" \/>\t\t\t\t\t\t\t\t\t\t\t\t\t\t\t<\/div>\n\t\t\t\t<\/div>\n\t\t\t\t<div class=\"elementor-element elementor-element-a2b7c23 elementor-widget elementor-widget-heading\" data-id=\"a2b7c23\" data-element_type=\"widget\" data-widget_type=\"heading.default\">\n\t\t\t\t<div class=\"elementor-widget-container\">\n\t\t\t<style>\/*! elementor - v3.18.0 - 04-12-2023 *\/\n.elementor-heading-title{padding:0;margin:0;line-height:1}.elementor-widget-heading .elementor-heading-title[class*=elementor-size-]>a{color:inherit;font-size:inherit;line-height:inherit}.elementor-widget-heading .elementor-heading-title.elementor-size-small{font-size:15px}.elementor-widget-heading .elementor-heading-title.elementor-size-medium{font-size:19px}.elementor-widget-heading .elementor-heading-title.elementor-size-large{font-size:29px}.elementor-widget-heading .elementor-heading-title.elementor-size-xl{font-size:39px}.elementor-widget-heading .elementor-heading-title.elementor-size-xxl{font-size:59px}<\/style><h4 class=\"elementor-heading-title elementor-size-default\">Le CHIP propose des innovations importantes dans le traitement du diab\u00e8te.<\/h4>\t\t<\/div>\n\t\t\t\t<\/div>\n\t\t\t\t<div class=\"elementor-element elementor-element-27a8da0 elementor-widget elementor-widget-text-editor\" data-id=\"27a8da0\" data-element_type=\"widget\" data-widget_type=\"text-editor.default\">\n\t\t\t\t<div class=\"elementor-widget-container\">\n\t\t\t<style>\/*! elementor - v3.18.0 - 04-12-2023 *\/\n.elementor-widget-text-editor.elementor-drop-cap-view-stacked .elementor-drop-cap{background-color:#69727d;color:#fff}.elementor-widget-text-editor.elementor-drop-cap-view-framed .elementor-drop-cap{color:#69727d;border:3px solid;background-color:transparent}.elementor-widget-text-editor:not(.elementor-drop-cap-view-default) .elementor-drop-cap{margin-top:8px}.elementor-widget-text-editor:not(.elementor-drop-cap-view-default) .elementor-drop-cap-letter{width:1em;height:1em}.elementor-widget-text-editor .elementor-drop-cap{float:left;text-align:center;line-height:1;font-size:50px}.elementor-widget-text-editor .elementor-drop-cap-letter{display:inline-block}<\/style>\t\t\t\t<p style=\"margin: 18.0pt 0cm 18.0pt 0cm;\"><strong><span style=\"font-family: 'Helvetica Neue'; font-weight: normal;\">Le passage de la mesure discontinue du glucose \u00e0 la mesure continue du glucose<\/span><\/strong><\/p><p style=\"white-space: pre-wrap; word-break: break-word; margin: 18.0pt 0cm 18.0pt 0cm;\" data-sourcepos=\"5:1-5:320\"><span style=\"font-family: 'Helvetica Neue';\">La mesure discontinue du glucose (MGD) est une m\u00e9thode de mesure du glucose dans le sang qui n\u00e9cessite de piquer le doigt plusieurs fois par jour. La mesure continue du glucose (MCG) est une m\u00e9thode de mesure du glucose dans le sang qui utilise un capteur implantable ou transcutan\u00e9 pour fournir des lectures en continu. <\/span><\/p><p style=\"margin: 18.0pt 0cm 18.0pt 0cm;\"><span style=\"font-family: 'Helvetica Neue';\">La MCG offre plusieurs avantages par rapport \u00e0 la MGD, notamment :<\/span><\/p>\t\t\t\t\t\t<\/div>\n\t\t\t\t<\/div>\n\t\t\t\t<div class=\"elementor-section elementor-inner-section elementor-element elementor-element-e06f38c elementor-section-boxed elementor-section-height-default elementor-section-height-default\" data-id=\"e06f38c\" data-element_type=\"section\">\n\t\t\t\t\t\t<div class=\"elementor-container elementor-column-gap-default\">\n\t\t\t\t\t<div class=\"elementor-column elementor-col-50 elementor-inner-column elementor-element elementor-element-41f1870\" data-id=\"41f1870\" data-element_type=\"column\">\n\t\t\t<div class=\"elementor-widget-wrap elementor-element-populated\">\n\t\t\t\t\t\t\t\t<div class=\"elementor-element elementor-element-5aa47df elementor-icon-list--layout-traditional elementor-list-item-link-full_width elementor-widget elementor-widget-icon-list\" data-id=\"5aa47df\" data-element_type=\"widget\" data-widget_type=\"icon-list.default\">\n\t\t\t\t<div class=\"elementor-widget-container\">\n\t\t\t<link rel=\"stylesheet\" href=\"https:\/\/www.chip.cd\/wp-content\/plugins\/elementor\/assets\/css\/widget-icon-list.min.css\">\t\t<ul class=\"elementor-icon-list-items\">\n\t\t\t\t\t\t\t<li class=\"elementor-icon-list-item\">\n\t\t\t\t\t\t\t\t\t\t\t<span class=\"elementor-icon-list-icon\">\n\t\t\t\t\t\t\t<i aria-hidden=\"true\" class=\"fas fa-check\"><\/i>\t\t\t\t\t\t<\/span>\n\t\t\t\t\t\t\t\t\t\t<span class=\"elementor-icon-list-text\">Une meilleure surveillance de la glyc\u00e9mie<\/span>\n\t\t\t\t\t\t\t\t\t<\/li>\n\t\t\t\t\t\t\t\t<li class=\"elementor-icon-list-item\">\n\t\t\t\t\t\t\t\t\t\t\t<span class=\"elementor-icon-list-icon\">\n\t\t\t\t\t\t\t<i aria-hidden=\"true\" class=\"fas fa-check\"><\/i>\t\t\t\t\t\t<\/span>\n\t\t\t\t\t\t\t\t\t\t<span class=\"elementor-icon-list-text\">Une r\u00e9duction du risque d'hypoglyc\u00e9mie<\/span>\n\t\t\t\t\t\t\t\t\t<\/li>\n\t\t\t\t\t\t<\/ul>\n\t\t\t\t<\/div>\n\t\t\t\t<\/div>\n\t\t\t\t\t<\/div>\n\t\t<\/div>\n\t\t\t\t<div class=\"elementor-column elementor-col-50 elementor-inner-column elementor-element elementor-element-d779bd9\" data-id=\"d779bd9\" data-element_type=\"column\">\n\t\t\t<div class=\"elementor-widget-wrap elementor-element-populated\">\n\t\t\t\t\t\t\t\t<div class=\"elementor-element elementor-element-b020447 elementor-icon-list--layout-traditional elementor-list-item-link-full_width elementor-widget elementor-widget-icon-list\" data-id=\"b020447\" data-element_type=\"widget\" data-widget_type=\"icon-list.default\">\n\t\t\t\t<div class=\"elementor-widget-container\">\n\t\t\t\t\t<ul class=\"elementor-icon-list-items\">\n\t\t\t\t\t\t\t<li class=\"elementor-icon-list-item\">\n\t\t\t\t\t\t\t\t\t\t\t<span class=\"elementor-icon-list-icon\">\n\t\t\t\t\t\t\t<i aria-hidden=\"true\" class=\"fas fa-check\"><\/i>\t\t\t\t\t\t<\/span>\n\t\t\t\t\t\t\t\t\t\t<span class=\"elementor-icon-list-text\">Une am\u00e9lioration de la qualit\u00e9 de vie<\/span>\n\t\t\t\t\t\t\t\t\t<\/li>\n\t\t\t\t\t\t<\/ul>\n\t\t\t\t<\/div>\n\t\t\t\t<\/div>\n\t\t\t\t\t<\/div>\n\t\t<\/div>\n\t\t\t\t\t\t\t<\/div>\n\t\t<\/div>\n\t\t\t\t<div class=\"elementor-element elementor-element-70eb522 elementor-widget elementor-widget-heading\" data-id=\"70eb522\" data-element_type=\"widget\" data-widget_type=\"heading.default\">\n\t\t\t\t<div class=\"elementor-widget-container\">\n\t\t\t<h4 class=\"elementor-heading-title elementor-size-default\">L'administration continue de l'insuline avec l'implantation de pompe \u00e0 insuline<\/h4>\t\t<\/div>\n\t\t\t\t<\/div>\n\t\t\t\t<div class=\"elementor-element elementor-element-162c4da elementor-widget elementor-widget-text-editor\" data-id=\"162c4da\" data-element_type=\"widget\" data-widget_type=\"text-editor.default\">\n\t\t\t\t<div class=\"elementor-widget-container\">\n\t\t\t\t\t\t\t<p style=\"margin: 18.0pt 0cm 18.0pt 0cm;\"><span style=\"font-family: 'Helvetica Neue';\">L&#8217;administration continue de l&#8217;insuline (ACI) est une m\u00e9thode d&#8217;administration de l&#8217;insuline qui utilise une pompe \u00e0 insuline pour fournir une dose d&#8217;insuline en continu.<\/span><\/p>\t\t\t\t\t\t<\/div>\n\t\t\t\t<\/div>\n\t\t\t\t<div class=\"elementor-section elementor-inner-section elementor-element elementor-element-bef93fb elementor-section-boxed elementor-section-height-default elementor-section-height-default\" data-id=\"bef93fb\" data-element_type=\"section\">\n\t\t\t\t\t\t<div class=\"elementor-container elementor-column-gap-default\">\n\t\t\t\t\t<div class=\"elementor-column elementor-col-50 elementor-inner-column elementor-element elementor-element-0676bf5\" data-id=\"0676bf5\" data-element_type=\"column\">\n\t\t\t<div class=\"elementor-widget-wrap elementor-element-populated\">\n\t\t\t\t\t\t\t\t<div class=\"elementor-element elementor-element-596b2bc elementor-widget elementor-widget-image\" data-id=\"596b2bc\" data-element_type=\"widget\" data-widget_type=\"image.default\">\n\t\t\t\t<div class=\"elementor-widget-container\">\n\t\t\t\t\t\t\t\t\t\t\t\t\t\t\t<img decoding=\"async\" width=\"545\" height=\"581\" src=\"https:\/\/www.chip.cd\/wp-content\/uploads\/2023\/10\/mere1.jpg\" class=\"attachment-full size-full wp-image-17835\" alt=\"\" srcset=\"https:\/\/www.chip.cd\/wp-content\/uploads\/2023\/10\/mere1.jpg 545w, https:\/\/www.chip.cd\/wp-content\/uploads\/2023\/10\/mere1-281x300.jpg 281w\" sizes=\"(max-width: 545px) 100vw, 545px\" \/>\t\t\t\t\t\t\t\t\t\t\t\t\t\t\t<\/div>\n\t\t\t\t<\/div>\n\t\t\t\t\t<\/div>\n\t\t<\/div>\n\t\t\t\t<div class=\"elementor-column elementor-col-50 elementor-inner-column elementor-element elementor-element-97bbf19\" data-id=\"97bbf19\" data-element_type=\"column\">\n\t\t\t<div class=\"elementor-widget-wrap elementor-element-populated\">\n\t\t\t\t\t\t\t\t<div class=\"elementor-element elementor-element-99903b9 elementor-widget elementor-widget-image\" data-id=\"99903b9\" data-element_type=\"widget\" data-widget_type=\"image.default\">\n\t\t\t\t<div class=\"elementor-widget-container\">\n\t\t\t\t\t\t\t\t\t\t\t\t\t\t\t<img loading=\"lazy\" decoding=\"async\" width=\"545\" height=\"581\" src=\"https:\/\/www.chip.cd\/wp-content\/uploads\/2023\/10\/diabetol.jpg\" class=\"attachment-full size-full wp-image-18213\" alt=\"\" srcset=\"https:\/\/www.chip.cd\/wp-content\/uploads\/2023\/10\/diabetol.jpg 545w, https:\/\/www.chip.cd\/wp-content\/uploads\/2023\/10\/diabetol-281x300.jpg 281w\" sizes=\"(max-width: 545px) 100vw, 545px\" \/>\t\t\t\t\t\t\t\t\t\t\t\t\t\t\t<\/div>\n\t\t\t\t<\/div>\n\t\t\t\t\t<\/div>\n\t\t<\/div>\n\t\t\t\t\t\t\t<\/div>\n\t\t<\/div>\n\t\t\t\t<div class=\"elementor-section elementor-inner-section elementor-element elementor-element-a928383 elementor-section-boxed elementor-section-height-default elementor-section-height-default\" data-id=\"a928383\" data-element_type=\"section\">\n\t\t\t\t\t\t<div class=\"elementor-container elementor-column-gap-default\">\n\t\t\t\t\t<div class=\"elementor-column elementor-col-100 elementor-inner-column elementor-element elementor-element-cc122df\" data-id=\"cc122df\" data-element_type=\"column\">\n\t\t\t<div class=\"elementor-widget-wrap elementor-element-populated\">\n\t\t\t\t\t\t\t\t<div class=\"elementor-element elementor-element-6074280 elementor-widget elementor-widget-heading\" data-id=\"6074280\" data-element_type=\"widget\" data-widget_type=\"heading.default\">\n\t\t\t\t<div class=\"elementor-widget-container\">\n\t\t\t<h4 class=\"elementor-heading-title elementor-size-default\">Conseils et informations sant\u00e9<\/h4>\t\t<\/div>\n\t\t\t\t<\/div>\n\t\t\t\t<div class=\"elementor-element elementor-element-78ca59a elementor-widget elementor-widget-text-editor\" data-id=\"78ca59a\" data-element_type=\"widget\" data-widget_type=\"text-editor.default\">\n\t\t\t\t<div class=\"elementor-widget-container\">\n\t\t\t\t\t\t\t\t\t\t\t\t\t<\/div>\n\t\t\t\t<\/div>\n\t\t\t\t<div class=\"elementor-element elementor-element-44b4183 elementor-widget elementor-widget-Accordion\" data-id=\"44b4183\" data-element_type=\"widget\" data-widget_type=\"Accordion.default\">\n\t\t\t\t<div class=\"elementor-widget-container\">\n\t\t\t    \r\n<div class=\"pt-accordion-block \" >\r\n        \r\n    <div class=\"pt-accordion-box pt-active  1\">\r\n      <div class=\"pt-ad-title\">\r\n       \r\n        <h4 class=\"ad-title-text\">         \r\n          L&#039;ACI offre plusieurs avantages par rapport \u00e0 l&#039;administration intermittente de l&#039;insuline, notamment :  \r\n\r\n           \r\n        \r\n       <\/h4>\r\n\r\n      <\/div>\r\n  \r\n      <div class=\"pt-accordion-details\">\r\n        \r\n         <p class=\"pt-detail-text\"> \u2022\tUne meilleure r\u00e9gulation de la glyc\u00e9mie <br>\n\u2022\tUne r\u00e9duction du risque d&#8217;hypoglyc\u00e9mie<br>\n\u2022\tUne am\u00e9lioration de la qualit\u00e9 de vie\n <\/p>\r\n       \r\n      <\/div>\r\n    <\/div>\r\n         \r\n    <div class=\"pt-accordion-box   2\">\r\n      <div class=\"pt-ad-title\">\r\n       \r\n        <h4 class=\"ad-title-text\">         \r\n          L&#039;insulinoth\u00e9rapie fonctionnelle pour le malade diab\u00e9tique de type 1  \r\n\r\n           \r\n        \r\n       <\/h4>\r\n\r\n      <\/div>\r\n  \r\n      <div class=\"pt-accordion-details\">\r\n        \r\n         <p class=\"pt-detail-text\"> L&#8217;insulinoth\u00e9rapie fonctionnelle est une approche du traitement du diab\u00e8te de type 1 qui vise \u00e0 imiter le fonctionnement normal du pancr\u00e9as. Cette approche utilise une combinaison de pompe \u00e0 insuline, de capteur de glucose et de logiciels pour fournir une dose d&#8217;insuline personnalis\u00e9e en fonction des besoins individuels du patient. <\/p>\r\n       \r\n      <\/div>\r\n    <\/div>\r\n         \r\n    <div class=\"pt-accordion-box   3\">\r\n      <div class=\"pt-ad-title\">\r\n       \r\n        <h4 class=\"ad-title-text\">         \r\n          L&#039;insulinoth\u00e9rapie fonctionnelle offre plusieurs avantages par rapport aux approches traditionnelles du traitement du diab\u00e8te de type 1, notamment :  \r\n\r\n           \r\n        \r\n       <\/h4>\r\n\r\n      <\/div>\r\n  \r\n      <div class=\"pt-accordion-details\">\r\n        \r\n         <p class=\"pt-detail-text\"> \u2022\tUne meilleure r\u00e9gulation de la glyc\u00e9mie<br>\n\u2022\tUne r\u00e9duction du risque d&#8217;hypoglyc\u00e9mie<br>\n\u2022\tUne am\u00e9lioration de la qualit\u00e9 de vie\n <\/p>\r\n       \r\n      <\/div>\r\n    <\/div>\r\n         \r\n    <div class=\"pt-accordion-box   4\">\r\n      <div class=\"pt-ad-title\">\r\n       \r\n        <h4 class=\"ad-title-text\">         \r\n          En Conclusion  \r\n\r\n           \r\n        \r\n       <\/h4>\r\n\r\n      <\/div>\r\n  \r\n      <div class=\"pt-accordion-details\">\r\n        \r\n         <p class=\"pt-detail-text\"> Les innovations propos\u00e9es par le CHIP dans le traitement du diab\u00e8te sont prometteuses. Ces innovations ont le potentiel d&#8217;am\u00e9liorer la qualit\u00e9 de vie des patients diab\u00e9tiques et de r\u00e9duire le risque de complications li\u00e9es au diab\u00e8te. <\/p>\r\n       \r\n      <\/div>\r\n    <\/div>\r\n       \r\n  <\/div>\r\n          \t<script type=\"text\/javascript\">\r\n        \t\t \/*------------------------\r\n                Accordion\r\n                --------------------------*\/\r\n                jQuery('.pt-accordion-block .pt-accordion-box .pt-accordion-details').hide();\r\n                jQuery('.pt-accordion-block .pt-accordion-box:first').addClass('pt-active').children().slideDown('slow');\r\n                jQuery('.pt-accordion-block .pt-accordion-box').on(\"click\", function() {\r\n                    if (jQuery(this).children('div.pt-accordion-details').is(':hidden')) {\r\n                        jQuery('.pt-accordion-block .pt-accordion-box').removeClass('pt-active').children('div.pt-accordion-details').slideUp('slow');\r\n                        jQuery(this).toggleClass('pt-active').children('div.pt-accordion-details').slideDown('slow');\r\n                    }\r\n                });\r\n\r\n\r\n\r\n        \t<\/script>\r\n        \t\t<\/div>\n\t\t\t\t<\/div>\n\t\t\t\t\t<\/div>\n\t\t<\/div>\n\t\t\t\t\t\t\t<\/div>\n\t\t<\/div>\n\t\t\t\t\t<\/div>\n\t\t<\/div>\n\t\t\t\t\t\t\t<\/div>\n\t\t<\/div>\n\t\t\t\t\t\t\t<\/div>\n\t\t","protected":false},"excerpt":{"rendered":"<p>Le CHIP propose des innovations importantes dans le traitement du diab\u00e8te. Le passage de la mesure discontinue du glucose \u00e0 la mesure continue du glucose La mesure discontinue du glucose (MGD) est une m\u00e9thode de mesure du glucose dans le sang qui n\u00e9cessite de piquer le doigt plusieurs fois par jour. La mesure continue du [&hellip;]<\/p>\n","protected":false},"author":1,"featured_media":0,"parent":0,"menu_order":0,"comment_status":"closed","ping_status":"closed","template":"","meta":{"_monsterinsights_skip_tracking":false,"_monsterinsights_sitenote_active":false,"_monsterinsights_sitenote_note":"","_monsterinsights_sitenote_category":0,"footnotes":""},"class_list":["post-3522","page","type-page","status-publish","hentry"],"acf":[],"aioseo_notices":[],"_links":{"self":[{"href":"https:\/\/www.chip.cd\/index.php?rest_route=\/wp\/v2\/pages\/3522","targetHints":{"allow":["GET"]}}],"collection":[{"href":"https:\/\/www.chip.cd\/index.php?rest_route=\/wp\/v2\/pages"}],"about":[{"href":"https:\/\/www.chip.cd\/index.php?rest_route=\/wp\/v2\/types\/page"}],"author":[{"embeddable":true,"href":"https:\/\/www.chip.cd\/index.php?rest_route=\/wp\/v2\/users\/1"}],"replies":[{"embeddable":true,"href":"https:\/\/www.chip.cd\/index.php?rest_route=%2Fwp%2Fv2%2Fcomments&post=3522"}],"version-history":[{"count":13,"href":"https:\/\/www.chip.cd\/index.php?rest_route=\/wp\/v2\/pages\/3522\/revisions"}],"predecessor-version":[{"id":18216,"href":"https:\/\/www.chip.cd\/index.php?rest_route=\/wp\/v2\/pages\/3522\/revisions\/18216"}],"wp:attachment":[{"href":"https:\/\/www.chip.cd\/index.php?rest_route=%2Fwp%2Fv2%2Fmedia&parent=3522"}],"curies":[{"name":"wp","href":"https:\/\/api.w.org\/{rel}","templated":true}]}}