{"id":3490,"date":"2021-12-09T06:09:15","date_gmt":"2021-12-09T05:09:15","guid":{"rendered":"https:\/\/medicate.peacefulqode.com\/?page_id=3490"},"modified":"2023-10-02T13:30:57","modified_gmt":"2023-10-02T11:30:57","slug":"nephrologie-2","status":"publish","type":"page","link":"https:\/\/www.chip.cd\/?page_id=3490","title":{"rendered":"N\u00e9phrologie"},"content":{"rendered":"\t\t<div data-elementor-type=\"wp-page\" data-elementor-id=\"3490\" class=\"elementor elementor-3490\">\n\t\t\t\t\t\t\t\t\t<div class=\"elementor-section elementor-top-section elementor-element elementor-element-f4648d5 elementor-section-stretched elementor-section-boxed elementor-section-height-default elementor-section-height-default\" data-id=\"f4648d5\" data-element_type=\"section\" data-settings=\"{&quot;stretch_section&quot;:&quot;section-stretched&quot;}\">\n\t\t\t\t\t\t<div class=\"elementor-container elementor-column-gap-default\">\n\t\t\t\t\t<div class=\"elementor-column elementor-col-33 elementor-top-column elementor-element elementor-element-630fbc3\" data-id=\"630fbc3\" data-element_type=\"column\">\n\t\t\t<div class=\"elementor-widget-wrap elementor-element-populated\">\n\t\t\t\t\t\t\t\t<div class=\"elementor-element elementor-element-dd13669 elementor-widget elementor-widget-sidebar\" data-id=\"dd13669\" data-element_type=\"widget\" data-widget_type=\"sidebar.default\">\n\t\t\t\t<div class=\"elementor-widget-container\">\n\t\t\t<div class=\"widget widget-port\"><div class=\"menu-service-menu-container\"><ul id=\"menu-service-menu\" class=\"menu\"><li id=\"menu-item-3759\" class=\"menu-item menu-item-type-post_type menu-item-object-page menu-item-3759\"><a href=\"https:\/\/www.chip.cd\/?page_id=3518\">Urgences et Hospitalisation<\/a><\/li>\n<li id=\"menu-item-3761\" class=\"menu-item menu-item-type-post_type menu-item-object-page menu-item-3761\"><a href=\"https:\/\/www.chip.cd\/?page_id=3494\">Cardiologie<\/a><\/li>\n<li id=\"menu-item-3762\" class=\"menu-item menu-item-type-post_type menu-item-object-page menu-item-3762\"><a href=\"https:\/\/www.chip.cd\/?page_id=3490\">N\u00e9phrologie<\/a><\/li>\n<li id=\"menu-item-3758\" class=\"menu-item menu-item-type-post_type menu-item-object-page menu-item-3758\"><a href=\"https:\/\/www.chip.cd\/?page_id=3522\">Diabetologie<\/a><\/li>\n<li id=\"menu-item-3760\" class=\"menu-item menu-item-type-post_type menu-item-object-page menu-item-3760\"><a href=\"https:\/\/www.chip.cd\/?page_id=3498\">Gastro-enterologie<\/a><\/li>\n<li id=\"menu-item-3765\" class=\"menu-item menu-item-type-post_type menu-item-object-page menu-item-3765\"><a href=\"https:\/\/www.chip.cd\/?page_id=3474\">M\u00e8re et Enfant<\/a><\/li>\n<li id=\"menu-item-3764\" class=\"menu-item menu-item-type-post_type menu-item-object-page menu-item-3764\"><a href=\"https:\/\/www.chip.cd\/?page_id=3478\">Imagerie M\u00e9dicale \/ Laboratoire et Anapath<\/a><\/li>\n<li id=\"menu-item-18105\" class=\"menu-item menu-item-type-post_type menu-item-object-page menu-item-18105\"><a href=\"https:\/\/www.chip.cd\/?page_id=18095\">Neurologie<\/a><\/li>\n<li id=\"menu-item-18106\" class=\"menu-item menu-item-type-post_type menu-item-object-page menu-item-18106\"><a href=\"https:\/\/www.chip.cd\/?page_id=18091\">Orl<\/a><\/li>\n<li id=\"menu-item-18107\" class=\"menu-item menu-item-type-post_type menu-item-object-page menu-item-18107\"><a href=\"https:\/\/www.chip.cd\/?page_id=18038\">Oncologie<\/a><\/li>\n<li id=\"menu-item-18108\" class=\"menu-item menu-item-type-post_type menu-item-object-page menu-item-18108\"><a href=\"https:\/\/www.chip.cd\/?page_id=18097\">M\u00e9decine Physique Et R\u00e9adaptation<\/a><\/li>\n<li id=\"menu-item-18109\" class=\"menu-item menu-item-type-post_type menu-item-object-page menu-item-18109\"><a href=\"https:\/\/www.chip.cd\/?page_id=18071\">Ophtalmologie<\/a><\/li>\n<li id=\"menu-item-18110\" class=\"menu-item menu-item-type-post_type menu-item-object-page menu-item-18110\"><a href=\"https:\/\/www.chip.cd\/?page_id=18084\">Dentisterie<\/a><\/li>\n<li id=\"menu-item-18112\" class=\"menu-item menu-item-type-post_type menu-item-object-page menu-item-18112\"><a href=\"https:\/\/www.chip.cd\/?page_id=18077\">Orthop\u00e9die Et Traumatologie<\/a><\/li>\n<li id=\"menu-item-18118\" class=\"menu-item menu-item-type-post_type menu-item-object-page menu-item-18118\"><a href=\"https:\/\/www.chip.cd\/?page_id=18032\">Chirurgie Maxillo-Faciale Et Stomatologie<\/a><\/li>\n<li id=\"menu-item-18120\" class=\"menu-item menu-item-type-post_type menu-item-object-page menu-item-18120\"><a href=\"https:\/\/www.chip.cd\/?page_id=18047\">Anapath<\/a><\/li>\n<li id=\"menu-item-18122\" class=\"menu-item menu-item-type-post_type menu-item-object-page menu-item-18122\"><a href=\"https:\/\/www.chip.cd\/?page_id=3494\">Cardiologie<\/a><\/li>\n<li id=\"menu-item-18117\" class=\"menu-item menu-item-type-post_type menu-item-object-page menu-item-18117\"><a href=\"https:\/\/www.chip.cd\/?page_id=18030\">Neurochirurgie<\/a><\/li>\n<li id=\"menu-item-18113\" class=\"menu-item menu-item-type-post_type menu-item-object-page menu-item-18113\"><a href=\"https:\/\/www.chip.cd\/?page_id=18074\">Chirurgie Cardiaque Et Thoracique<\/a><\/li>\n<li id=\"menu-item-18116\" class=\"menu-item menu-item-type-post_type menu-item-object-page menu-item-18116\"><a href=\"https:\/\/www.chip.cd\/?page_id=18058\">Chirurgie Digestive<\/a><\/li>\n<li id=\"menu-item-18114\" class=\"menu-item menu-item-type-post_type menu-item-object-page menu-item-18114\"><a href=\"https:\/\/www.chip.cd\/?page_id=18066\">Urologie<\/a><\/li>\n<li id=\"menu-item-18124\" class=\"menu-item menu-item-type-post_type menu-item-object-page menu-item-18124\"><a href=\"https:\/\/www.chip.cd\/?page_id=18074\">Chirurgie Cardiaque Et Thoracique<\/a><\/li>\n<li id=\"menu-item-18115\" class=\"menu-item menu-item-type-post_type menu-item-object-page menu-item-18115\"><a href=\"https:\/\/www.chip.cd\/?page_id=18062\">Chirurgie Endovasculaire<\/a><\/li>\n<li id=\"menu-item-18125\" class=\"menu-item menu-item-type-post_type menu-item-object-page menu-item-18125\"><a href=\"https:\/\/www.chip.cd\/?page_id=18058\">Chirurgie Digestive<\/a><\/li>\n<li id=\"menu-item-18126\" class=\"menu-item menu-item-type-post_type menu-item-object-page menu-item-18126\"><a href=\"https:\/\/www.chip.cd\/?page_id=18062\">Chirurgie Endovasculaire<\/a><\/li>\n<li id=\"menu-item-18127\" class=\"menu-item menu-item-type-post_type menu-item-object-page menu-item-18127\"><a href=\"https:\/\/www.chip.cd\/?page_id=18032\">Chirurgie Maxillo-Faciale Et Stomatologie<\/a><\/li>\n<li id=\"menu-item-18129\" class=\"menu-item menu-item-type-post_type menu-item-object-page menu-item-18129\"><a href=\"https:\/\/www.chip.cd\/?page_id=3498\">Gastro-enterologie<\/a><\/li>\n<li id=\"menu-item-18130\" class=\"menu-item menu-item-type-post_type menu-item-object-page menu-item-18130\"><a href=\"https:\/\/www.chip.cd\/?page_id=18033\">H\u00e9matologie<\/a><\/li>\n<\/ul><\/div><\/div><div class=\"widget widget-port\">\n<figure class=\"wp-block-image size-full is-style-default\"><img fetchpriority=\"high\" decoding=\"async\" fetchpriority=\"high\" width=\"600\" height=\"745\" src=\"https:\/\/www.chip.cd\/wp-content\/uploads\/2023\/10\/call-img-1-2.jpg\" alt=\"\" class=\"wp-image-17897\" srcset=\"https:\/\/www.chip.cd\/wp-content\/uploads\/2023\/10\/call-img-1-2.jpg 600w, https:\/\/www.chip.cd\/wp-content\/uploads\/2023\/10\/call-img-1-2-242x300.jpg 242w\" sizes=\"(max-width: 600px) 100vw, 600px\" \/><\/figure>\n<\/div>\t\t<\/div>\n\t\t\t\t<\/div>\n\t\t\t\t\t<\/div>\n\t\t<\/div>\n\t\t\t\t<div class=\"elementor-column elementor-col-66 elementor-top-column elementor-element elementor-element-299e852\" data-id=\"299e852\" data-element_type=\"column\">\n\t\t\t<div class=\"elementor-widget-wrap elementor-element-populated\">\n\t\t\t\t\t\t\t\t<div class=\"elementor-element elementor-element-c16d686 elementor-widget elementor-widget-image\" data-id=\"c16d686\" data-element_type=\"widget\" data-widget_type=\"image.default\">\n\t\t\t\t<div class=\"elementor-widget-container\">\n\t\t\t<style>\/*! elementor - v3.18.0 - 04-12-2023 *\/\n.elementor-widget-image{text-align:center}.elementor-widget-image a{display:inline-block}.elementor-widget-image a img[src$=\".svg\"]{width:48px}.elementor-widget-image img{vertical-align:middle;display:inline-block}<\/style>\t\t\t\t\t\t\t\t\t\t\t\t<img decoding=\"async\" width=\"1400\" height=\"800\" src=\"https:\/\/www.chip.cd\/wp-content\/uploads\/2023\/10\/nephrologie-.jpg\" class=\"attachment-full size-full wp-image-17768\" alt=\"\" srcset=\"https:\/\/www.chip.cd\/wp-content\/uploads\/2023\/10\/nephrologie-.jpg 1400w, https:\/\/www.chip.cd\/wp-content\/uploads\/2023\/10\/nephrologie--300x171.jpg 300w, https:\/\/www.chip.cd\/wp-content\/uploads\/2023\/10\/nephrologie--1024x585.jpg 1024w, https:\/\/www.chip.cd\/wp-content\/uploads\/2023\/10\/nephrologie--768x439.jpg 768w, https:\/\/www.chip.cd\/wp-content\/uploads\/2023\/10\/nephrologie--600x343.jpg 600w\" sizes=\"(max-width: 1400px) 100vw, 1400px\" \/>\t\t\t\t\t\t\t\t\t\t\t\t\t\t\t<\/div>\n\t\t\t\t<\/div>\n\t\t\t\t<div class=\"elementor-element elementor-element-d784867 elementor-widget elementor-widget-heading\" data-id=\"d784867\" data-element_type=\"widget\" data-widget_type=\"heading.default\">\n\t\t\t\t<div class=\"elementor-widget-container\">\n\t\t\t<style>\/*! elementor - v3.18.0 - 04-12-2023 *\/\n.elementor-heading-title{padding:0;margin:0;line-height:1}.elementor-widget-heading .elementor-heading-title[class*=elementor-size-]>a{color:inherit;font-size:inherit;line-height:inherit}.elementor-widget-heading .elementor-heading-title.elementor-size-small{font-size:15px}.elementor-widget-heading .elementor-heading-title.elementor-size-medium{font-size:19px}.elementor-widget-heading .elementor-heading-title.elementor-size-large{font-size:29px}.elementor-widget-heading .elementor-heading-title.elementor-size-xl{font-size:39px}.elementor-widget-heading .elementor-heading-title.elementor-size-xxl{font-size:59px}<\/style><h4 class=\"elementor-heading-title elementor-size-default\">Le CHIP pr\u00e9vient, diagnostique et soigne les maladies r\u00e9nales<\/h4>\t\t<\/div>\n\t\t\t\t<\/div>\n\t\t\t\t<div class=\"elementor-element elementor-element-2b028e7 elementor-widget elementor-widget-text-editor\" data-id=\"2b028e7\" data-element_type=\"widget\" data-widget_type=\"text-editor.default\">\n\t\t\t\t<div class=\"elementor-widget-container\">\n\t\t\t<style>\/*! elementor - v3.18.0 - 04-12-2023 *\/\n.elementor-widget-text-editor.elementor-drop-cap-view-stacked .elementor-drop-cap{background-color:#69727d;color:#fff}.elementor-widget-text-editor.elementor-drop-cap-view-framed .elementor-drop-cap{color:#69727d;border:3px solid;background-color:transparent}.elementor-widget-text-editor:not(.elementor-drop-cap-view-default) .elementor-drop-cap{margin-top:8px}.elementor-widget-text-editor:not(.elementor-drop-cap-view-default) .elementor-drop-cap-letter{width:1em;height:1em}.elementor-widget-text-editor .elementor-drop-cap{float:left;text-align:center;line-height:1;font-size:50px}.elementor-widget-text-editor .elementor-drop-cap-letter{display:inline-block}<\/style>\t\t\t\t<p style=\"margin: 0cm 0cm 18.0pt 0cm;\"><span style=\"font-family: 'Helvetica Neue';\">Le CHIP est un h\u00f4pital qui s&#8217;engage \u00e0 fournir des soins de qualit\u00e9 \u00e0 ses patients, y compris ceux qui souffrent de maladies r\u00e9nales. Le service de n\u00e9phrologie du CHIP est dirig\u00e9 par une \u00e9quipe de n\u00e9phrologues qualifi\u00e9s et exp\u00e9riment\u00e9s qui sont d\u00e9vou\u00e9s \u00e0 la sant\u00e9 r\u00e9nale de leurs patients.<\/span><\/p><p style=\"margin: 18.0pt 0cm 18.0pt 0cm;\"><span style=\"font-family: 'Helvetica Neue';\">Le service de n\u00e9phrologie du CHIP offre une gamme compl\u00e8te de services de pr\u00e9vention, de diagnostic et de traitement des maladies r\u00e9nales. Ces services comprennent :<\/span><\/p>\t\t\t\t\t\t<\/div>\n\t\t\t\t<\/div>\n\t\t\t\t<div class=\"elementor-section elementor-inner-section elementor-element elementor-element-8b1c40e elementor-section-boxed elementor-section-height-default elementor-section-height-default\" data-id=\"8b1c40e\" data-element_type=\"section\">\n\t\t\t\t\t\t<div class=\"elementor-container elementor-column-gap-default\">\n\t\t\t\t\t<div class=\"elementor-column elementor-col-50 elementor-inner-column elementor-element elementor-element-1908a57\" data-id=\"1908a57\" data-element_type=\"column\">\n\t\t\t<div class=\"elementor-widget-wrap elementor-element-populated\">\n\t\t\t\t\t\t\t\t<div class=\"elementor-element elementor-element-1867d11 elementor-icon-list--layout-traditional elementor-list-item-link-full_width elementor-widget elementor-widget-icon-list\" data-id=\"1867d11\" data-element_type=\"widget\" data-widget_type=\"icon-list.default\">\n\t\t\t\t<div class=\"elementor-widget-container\">\n\t\t\t<link rel=\"stylesheet\" href=\"https:\/\/www.chip.cd\/wp-content\/plugins\/elementor\/assets\/css\/widget-icon-list.min.css\">\t\t<ul class=\"elementor-icon-list-items\">\n\t\t\t\t\t\t\t<li class=\"elementor-icon-list-item\">\n\t\t\t\t\t\t\t\t\t\t\t<span class=\"elementor-icon-list-icon\">\n\t\t\t\t\t\t\t<i aria-hidden=\"true\" class=\"fas fa-check\"><\/i>\t\t\t\t\t\t<\/span>\n\t\t\t\t\t\t\t\t\t\t<span class=\"elementor-icon-list-text\">Consultations : Les patients peuvent consulter un n\u00e9phrologue pour discuter de leurs sympt\u00f4mes et obtenir un diagnostic.<\/span>\n\t\t\t\t\t\t\t\t\t<\/li>\n\t\t\t\t\t\t\t\t<li class=\"elementor-icon-list-item\">\n\t\t\t\t\t\t\t\t\t\t\t<span class=\"elementor-icon-list-icon\">\n\t\t\t\t\t\t\t<i aria-hidden=\"true\" class=\"fas fa-check\"><\/i>\t\t\t\t\t\t<\/span>\n\t\t\t\t\t\t\t\t\t\t<span class=\"elementor-icon-list-text\">Tests : Les patients peuvent subir une vari\u00e9t\u00e9 de tests, notamment des analyses sanguines, des analyses d'urine et des tests d'imagerie.<\/span>\n\t\t\t\t\t\t\t\t\t<\/li>\n\t\t\t\t\t\t<\/ul>\n\t\t\t\t<\/div>\n\t\t\t\t<\/div>\n\t\t\t\t\t<\/div>\n\t\t<\/div>\n\t\t\t\t<div class=\"elementor-column elementor-col-50 elementor-inner-column elementor-element elementor-element-b1e1fd6\" data-id=\"b1e1fd6\" data-element_type=\"column\">\n\t\t\t<div class=\"elementor-widget-wrap elementor-element-populated\">\n\t\t\t\t\t\t\t\t<div class=\"elementor-element elementor-element-7cfc55a elementor-icon-list--layout-traditional elementor-list-item-link-full_width elementor-widget elementor-widget-icon-list\" data-id=\"7cfc55a\" data-element_type=\"widget\" data-widget_type=\"icon-list.default\">\n\t\t\t\t<div class=\"elementor-widget-container\">\n\t\t\t\t\t<ul class=\"elementor-icon-list-items\">\n\t\t\t\t\t\t\t<li class=\"elementor-icon-list-item\">\n\t\t\t\t\t\t\t\t\t\t\t<span class=\"elementor-icon-list-icon\">\n\t\t\t\t\t\t\t<i aria-hidden=\"true\" class=\"fas fa-check\"><\/i>\t\t\t\t\t\t<\/span>\n\t\t\t\t\t\t\t\t\t\t<span class=\"elementor-icon-list-text\">Traitements : Les patients peuvent recevoir une vari\u00e9t\u00e9 de traitements, notamment des m\u00e9dicaments, des interventions chirurgicales et la dialyse.<\/span>\n\t\t\t\t\t\t\t\t\t<\/li>\n\t\t\t\t\t\t<\/ul>\n\t\t\t\t<\/div>\n\t\t\t\t<\/div>\n\t\t\t\t\t<\/div>\n\t\t<\/div>\n\t\t\t\t\t\t\t<\/div>\n\t\t<\/div>\n\t\t\t\t<div class=\"elementor-element elementor-element-bf9bf6e elementor-widget elementor-widget-heading\" data-id=\"bf9bf6e\" data-element_type=\"widget\" data-widget_type=\"heading.default\">\n\t\t\t\t<div class=\"elementor-widget-container\">\n\t\t\t<h4 class=\"elementor-heading-title elementor-size-default\"> <\/h4>\t\t<\/div>\n\t\t\t\t<\/div>\n\t\t\t\t<div class=\"elementor-element elementor-element-7c845d7 elementor-widget elementor-widget-text-editor\" data-id=\"7c845d7\" data-element_type=\"widget\" data-widget_type=\"text-editor.default\">\n\t\t\t\t<div class=\"elementor-widget-container\">\n\t\t\t\t\t\t\t\t\t\t\t\t\t<\/div>\n\t\t\t\t<\/div>\n\t\t\t\t<div class=\"elementor-section elementor-inner-section elementor-element elementor-element-d98d643 elementor-section-boxed elementor-section-height-default elementor-section-height-default\" data-id=\"d98d643\" data-element_type=\"section\">\n\t\t\t\t\t\t<div class=\"elementor-container elementor-column-gap-default\">\n\t\t\t\t\t<div class=\"elementor-column elementor-col-50 elementor-inner-column elementor-element elementor-element-d550c8e\" data-id=\"d550c8e\" data-element_type=\"column\">\n\t\t\t<div class=\"elementor-widget-wrap elementor-element-populated\">\n\t\t\t\t\t\t\t\t<div class=\"elementor-element elementor-element-94e61d3 elementor-widget elementor-widget-image\" data-id=\"94e61d3\" data-element_type=\"widget\" data-widget_type=\"image.default\">\n\t\t\t\t<div class=\"elementor-widget-container\">\n\t\t\t\t\t\t\t\t\t\t\t\t\t\t\t<img decoding=\"async\" width=\"545\" height=\"581\" src=\"https:\/\/www.chip.cd\/wp-content\/uploads\/2023\/10\/chambre-chip.jpg\" class=\"attachment-full size-full wp-image-17777\" alt=\"\" srcset=\"https:\/\/www.chip.cd\/wp-content\/uploads\/2023\/10\/chambre-chip.jpg 545w, https:\/\/www.chip.cd\/wp-content\/uploads\/2023\/10\/chambre-chip-281x300.jpg 281w\" sizes=\"(max-width: 545px) 100vw, 545px\" \/>\t\t\t\t\t\t\t\t\t\t\t\t\t\t\t<\/div>\n\t\t\t\t<\/div>\n\t\t\t\t\t<\/div>\n\t\t<\/div>\n\t\t\t\t<div class=\"elementor-column elementor-col-50 elementor-inner-column elementor-element elementor-element-8666e98\" data-id=\"8666e98\" data-element_type=\"column\">\n\t\t\t<div class=\"elementor-widget-wrap elementor-element-populated\">\n\t\t\t\t\t\t\t\t<div class=\"elementor-element elementor-element-2cc13c7 elementor-widget elementor-widget-image\" data-id=\"2cc13c7\" data-element_type=\"widget\" data-widget_type=\"image.default\">\n\t\t\t\t<div class=\"elementor-widget-container\">\n\t\t\t\t\t\t\t\t\t\t\t\t\t\t\t<img loading=\"lazy\" decoding=\"async\" width=\"545\" height=\"581\" src=\"https:\/\/www.chip.cd\/wp-content\/uploads\/2023\/10\/salle-.jpg\" class=\"attachment-full size-full wp-image-17778\" alt=\"\" srcset=\"https:\/\/www.chip.cd\/wp-content\/uploads\/2023\/10\/salle-.jpg 545w, https:\/\/www.chip.cd\/wp-content\/uploads\/2023\/10\/salle--281x300.jpg 281w\" sizes=\"(max-width: 545px) 100vw, 545px\" \/>\t\t\t\t\t\t\t\t\t\t\t\t\t\t\t<\/div>\n\t\t\t\t<\/div>\n\t\t\t\t\t<\/div>\n\t\t<\/div>\n\t\t\t\t\t\t\t<\/div>\n\t\t<\/div>\n\t\t\t\t<div class=\"elementor-section elementor-inner-section elementor-element elementor-element-c33810d elementor-section-boxed elementor-section-height-default elementor-section-height-default\" data-id=\"c33810d\" data-element_type=\"section\">\n\t\t\t\t\t\t<div class=\"elementor-container elementor-column-gap-default\">\n\t\t\t\t\t<div class=\"elementor-column elementor-col-100 elementor-inner-column elementor-element elementor-element-c05946b\" data-id=\"c05946b\" data-element_type=\"column\">\n\t\t\t<div class=\"elementor-widget-wrap elementor-element-populated\">\n\t\t\t\t\t\t\t\t<div class=\"elementor-element elementor-element-a6a0d12 elementor-widget elementor-widget-heading\" data-id=\"a6a0d12\" data-element_type=\"widget\" data-widget_type=\"heading.default\">\n\t\t\t\t<div class=\"elementor-widget-container\">\n\t\t\t<h4 class=\"elementor-heading-title elementor-size-default\">Conseils et informations sant\u00e9<\/h4>\t\t<\/div>\n\t\t\t\t<\/div>\n\t\t\t\t<div class=\"elementor-element elementor-element-e56bc70 elementor-widget elementor-widget-text-editor\" data-id=\"e56bc70\" data-element_type=\"widget\" data-widget_type=\"text-editor.default\">\n\t\t\t\t<div class=\"elementor-widget-container\">\n\t\t\t\t\t\t\t<p style=\"margin: 18.0pt 0cm 18.0pt 0cm;\"><span style=\"font-family: 'Helvetica Neue';\">La dialyse est un traitement qui aide les reins \u00e0 \u00e9liminer les d\u00e9chets du sang lorsque les reins ne fonctionnent pas correctement. Le CHIP dispose d&#8217;un service de dialyse qui offre une vari\u00e9t\u00e9 de traitements, notamment l&#8217;h\u00e9modialyse et la dialyse p\u00e9riton\u00e9ale.<\/span><\/p><p style=\"white-space: pre-wrap; word-break: break-word; margin: 18.0pt 0cm 18.0pt 0cm;\" data-sourcepos=\"15:1-15:253\"><strong><span style=\"font-family: 'Helvetica Neue'; font-weight: normal;\">Le CHIP est un excellent choix pour les patients qui recherchent des soins r\u00e9naux de qualit\u00e9. L&#8217;h\u00f4pital dispose d&#8217;une \u00e9quipe de professionnels de la sant\u00e9 qualifi\u00e9s et exp\u00e9riment\u00e9s, d&#8217;un \u00e9quipement de pointe et d&#8217;un environnement s\u00fbr et confortable.<\/span><\/strong><\/p>\t\t\t\t\t\t<\/div>\n\t\t\t\t<\/div>\n\t\t\t\t<div class=\"elementor-element elementor-element-141ab36 elementor-widget elementor-widget-Accordion\" data-id=\"141ab36\" data-element_type=\"widget\" data-widget_type=\"Accordion.default\">\n\t\t\t\t<div class=\"elementor-widget-container\">\n\t\t\t    \r\n<div class=\"pt-accordion-block \" >\r\n        \r\n    <div class=\"pt-accordion-box pt-active  1\">\r\n      <div class=\"pt-ad-title\">\r\n       \r\n        <h4 class=\"ad-title-text\">         \r\n          Les avantages sp\u00e9cifiques du CHIP pour la n\u00e9phrologie et la dialyse comprennent :  \r\n\r\n           \r\n        \r\n       <\/h4>\r\n\r\n      <\/div>\r\n  \r\n      <div class=\"pt-accordion-details\">\r\n        \r\n         <p class=\"pt-detail-text\"> \u2022\tUne \u00e9quipe de professionnels de la sant\u00e9 qualifi\u00e9s et exp\u00e9riment\u00e9s\n\u2022\tUn \u00e9quipement de pointe\n\u2022\tUn environnement s\u00fbr et confortable\n\u2022\tDes soins abordables\n <\/p>\r\n       \r\n      <\/div>\r\n    <\/div>\r\n         \r\n    <div class=\"pt-accordion-box   2\">\r\n      <div class=\"pt-ad-title\">\r\n       \r\n        <h4 class=\"ad-title-text\">         \r\n          Voici quelques conseils pour les patients qui recherchent des soins r\u00e9naux au CHIP :  \r\n\r\n           \r\n        \r\n       <\/h4>\r\n\r\n      <\/div>\r\n  \r\n      <div class=\"pt-accordion-details\">\r\n        \r\n         <p class=\"pt-detail-text\"> \u2022\tApportez tous vos documents m\u00e9dicaux, y compris vos ordonnances, vos r\u00e9sultats de laboratoire et vos images m\u00e9dicales.\n\u2022\tSoyez pr\u00eat \u00e0 r\u00e9pondre \u00e0 des questions sur vos sympt\u00f4mes et votre historique m\u00e9dical.\n\u2022\tSoyez patient et coop\u00e9rant avec le personnel m\u00e9dical.\n\u2022\tDemandez de l&#8217;aide si vous avez des questions ou des pr\u00e9occupations.\n <\/p>\r\n       \r\n      <\/div>\r\n    <\/div>\r\n       \r\n  <\/div>\r\n          \t<script type=\"text\/javascript\">\r\n        \t\t \/*------------------------\r\n                Accordion\r\n                --------------------------*\/\r\n                jQuery('.pt-accordion-block .pt-accordion-box .pt-accordion-details').hide();\r\n                jQuery('.pt-accordion-block .pt-accordion-box:first').addClass('pt-active').children().slideDown('slow');\r\n                jQuery('.pt-accordion-block .pt-accordion-box').on(\"click\", function() {\r\n                    if (jQuery(this).children('div.pt-accordion-details').is(':hidden')) {\r\n                        jQuery('.pt-accordion-block .pt-accordion-box').removeClass('pt-active').children('div.pt-accordion-details').slideUp('slow');\r\n                        jQuery(this).toggleClass('pt-active').children('div.pt-accordion-details').slideDown('slow');\r\n                    }\r\n                });\r\n\r\n\r\n\r\n        \t<\/script>\r\n        \t\t<\/div>\n\t\t\t\t<\/div>\n\t\t\t\t\t<\/div>\n\t\t<\/div>\n\t\t\t\t\t\t\t<\/div>\n\t\t<\/div>\n\t\t\t\t\t<\/div>\n\t\t<\/div>\n\t\t\t\t\t\t\t<\/div>\n\t\t<\/div>\n\t\t\t\t\t\t\t<\/div>\n\t\t","protected":false},"excerpt":{"rendered":"<p>Le CHIP pr\u00e9vient, diagnostique et soigne les maladies r\u00e9nales Le CHIP est un h\u00f4pital qui s&#8217;engage \u00e0 fournir des soins de qualit\u00e9 \u00e0 ses patients, y compris ceux qui souffrent de maladies r\u00e9nales. Le service de n\u00e9phrologie du CHIP est dirig\u00e9 par une \u00e9quipe de n\u00e9phrologues qualifi\u00e9s et exp\u00e9riment\u00e9s qui sont d\u00e9vou\u00e9s \u00e0 la sant\u00e9 [&hellip;]<\/p>\n","protected":false},"author":1,"featured_media":0,"parent":0,"menu_order":0,"comment_status":"closed","ping_status":"closed","template":"","meta":{"_monsterinsights_skip_tracking":false,"_monsterinsights_sitenote_active":false,"_monsterinsights_sitenote_note":"","_monsterinsights_sitenote_category":0,"footnotes":""},"class_list":["post-3490","page","type-page","status-publish","hentry"],"acf":[],"aioseo_notices":[],"_links":{"self":[{"href":"https:\/\/www.chip.cd\/index.php?rest_route=\/wp\/v2\/pages\/3490","targetHints":{"allow":["GET"]}}],"collection":[{"href":"https:\/\/www.chip.cd\/index.php?rest_route=\/wp\/v2\/pages"}],"about":[{"href":"https:\/\/www.chip.cd\/index.php?rest_route=\/wp\/v2\/types\/page"}],"author":[{"embeddable":true,"href":"https:\/\/www.chip.cd\/index.php?rest_route=\/wp\/v2\/users\/1"}],"replies":[{"embeddable":true,"href":"https:\/\/www.chip.cd\/index.php?rest_route=%2Fwp%2Fv2%2Fcomments&post=3490"}],"version-history":[{"count":10,"href":"https:\/\/www.chip.cd\/index.php?rest_route=\/wp\/v2\/pages\/3490\/revisions"}],"predecessor-version":[{"id":17781,"href":"https:\/\/www.chip.cd\/index.php?rest_route=\/wp\/v2\/pages\/3490\/revisions\/17781"}],"wp:attachment":[{"href":"https:\/\/www.chip.cd\/index.php?rest_route=%2Fwp%2Fv2%2Fmedia&parent=3490"}],"curies":[{"name":"wp","href":"https:\/\/api.w.org\/{rel}","templated":true}]}}