{"id":18033,"date":"2023-10-05T16:14:21","date_gmt":"2023-10-05T14:14:21","guid":{"rendered":"https:\/\/www.chip.cd\/?page_id=18033"},"modified":"2023-10-10T15:39:43","modified_gmt":"2023-10-10T13:39:43","slug":"hematologie","status":"publish","type":"page","link":"https:\/\/www.chip.cd\/?page_id=18033","title":{"rendered":"H\u00e9matologie"},"content":{"rendered":"\t\t<div data-elementor-type=\"wp-page\" data-elementor-id=\"18033\" class=\"elementor elementor-18033\">\n\t\t\t\t\t\t\t\t\t<div class=\"elementor-section elementor-top-section elementor-element elementor-element-5256a7e elementor-section-stretched elementor-section-boxed elementor-section-height-default elementor-section-height-default\" data-id=\"5256a7e\" data-element_type=\"section\" data-settings=\"{&quot;stretch_section&quot;:&quot;section-stretched&quot;}\">\n\t\t\t\t\t\t<div class=\"elementor-container elementor-column-gap-default\">\n\t\t\t\t\t<div class=\"elementor-column elementor-col-33 elementor-top-column elementor-element elementor-element-1d1379c\" data-id=\"1d1379c\" data-element_type=\"column\">\n\t\t\t<div class=\"elementor-widget-wrap elementor-element-populated\">\n\t\t\t\t\t\t\t\t<div class=\"elementor-element elementor-element-ee0a014 elementor-widget elementor-widget-sidebar\" data-id=\"ee0a014\" data-element_type=\"widget\" data-widget_type=\"sidebar.default\">\n\t\t\t\t<div class=\"elementor-widget-container\">\n\t\t\t<div class=\"widget widget-port\"><div class=\"menu-service-menu-container\"><ul id=\"menu-service-menu\" class=\"menu\"><li id=\"menu-item-3759\" class=\"menu-item menu-item-type-post_type menu-item-object-page menu-item-3759\"><a href=\"https:\/\/www.chip.cd\/?page_id=3518\">Urgences et Hospitalisation<\/a><\/li>\n<li id=\"menu-item-3761\" class=\"menu-item menu-item-type-post_type menu-item-object-page menu-item-3761\"><a href=\"https:\/\/www.chip.cd\/?page_id=3494\">Cardiologie<\/a><\/li>\n<li id=\"menu-item-3762\" class=\"menu-item menu-item-type-post_type menu-item-object-page menu-item-3762\"><a href=\"https:\/\/www.chip.cd\/?page_id=3490\">N\u00e9phrologie<\/a><\/li>\n<li id=\"menu-item-3758\" class=\"menu-item menu-item-type-post_type menu-item-object-page menu-item-3758\"><a href=\"https:\/\/www.chip.cd\/?page_id=3522\">Diabetologie<\/a><\/li>\n<li id=\"menu-item-3760\" class=\"menu-item menu-item-type-post_type menu-item-object-page menu-item-3760\"><a href=\"https:\/\/www.chip.cd\/?page_id=3498\">Gastro-enterologie<\/a><\/li>\n<li id=\"menu-item-3765\" class=\"menu-item menu-item-type-post_type menu-item-object-page menu-item-3765\"><a href=\"https:\/\/www.chip.cd\/?page_id=3474\">M\u00e8re et Enfant<\/a><\/li>\n<li id=\"menu-item-3764\" class=\"menu-item menu-item-type-post_type menu-item-object-page menu-item-3764\"><a href=\"https:\/\/www.chip.cd\/?page_id=3478\">Imagerie M\u00e9dicale \/ Laboratoire et Anapath<\/a><\/li>\n<li id=\"menu-item-18105\" class=\"menu-item menu-item-type-post_type menu-item-object-page menu-item-18105\"><a href=\"https:\/\/www.chip.cd\/?page_id=18095\">Neurologie<\/a><\/li>\n<li id=\"menu-item-18106\" class=\"menu-item menu-item-type-post_type menu-item-object-page menu-item-18106\"><a href=\"https:\/\/www.chip.cd\/?page_id=18091\">Orl<\/a><\/li>\n<li id=\"menu-item-18107\" class=\"menu-item menu-item-type-post_type menu-item-object-page menu-item-18107\"><a href=\"https:\/\/www.chip.cd\/?page_id=18038\">Oncologie<\/a><\/li>\n<li id=\"menu-item-18108\" class=\"menu-item menu-item-type-post_type menu-item-object-page menu-item-18108\"><a href=\"https:\/\/www.chip.cd\/?page_id=18097\">M\u00e9decine Physique Et R\u00e9adaptation<\/a><\/li>\n<li id=\"menu-item-18109\" class=\"menu-item menu-item-type-post_type menu-item-object-page menu-item-18109\"><a href=\"https:\/\/www.chip.cd\/?page_id=18071\">Ophtalmologie<\/a><\/li>\n<li id=\"menu-item-18110\" class=\"menu-item menu-item-type-post_type menu-item-object-page menu-item-18110\"><a href=\"https:\/\/www.chip.cd\/?page_id=18084\">Dentisterie<\/a><\/li>\n<li id=\"menu-item-18112\" class=\"menu-item menu-item-type-post_type menu-item-object-page menu-item-18112\"><a href=\"https:\/\/www.chip.cd\/?page_id=18077\">Orthop\u00e9die Et Traumatologie<\/a><\/li>\n<li id=\"menu-item-18118\" class=\"menu-item menu-item-type-post_type menu-item-object-page menu-item-18118\"><a href=\"https:\/\/www.chip.cd\/?page_id=18032\">Chirurgie Maxillo-Faciale Et Stomatologie<\/a><\/li>\n<li id=\"menu-item-18120\" class=\"menu-item menu-item-type-post_type menu-item-object-page menu-item-18120\"><a href=\"https:\/\/www.chip.cd\/?page_id=18047\">Anapath<\/a><\/li>\n<li id=\"menu-item-18122\" class=\"menu-item menu-item-type-post_type menu-item-object-page menu-item-18122\"><a href=\"https:\/\/www.chip.cd\/?page_id=3494\">Cardiologie<\/a><\/li>\n<li id=\"menu-item-18117\" class=\"menu-item menu-item-type-post_type menu-item-object-page menu-item-18117\"><a href=\"https:\/\/www.chip.cd\/?page_id=18030\">Neurochirurgie<\/a><\/li>\n<li id=\"menu-item-18113\" class=\"menu-item menu-item-type-post_type menu-item-object-page menu-item-18113\"><a href=\"https:\/\/www.chip.cd\/?page_id=18074\">Chirurgie Cardiaque Et Thoracique<\/a><\/li>\n<li id=\"menu-item-18116\" class=\"menu-item menu-item-type-post_type menu-item-object-page menu-item-18116\"><a href=\"https:\/\/www.chip.cd\/?page_id=18058\">Chirurgie Digestive<\/a><\/li>\n<li id=\"menu-item-18114\" class=\"menu-item menu-item-type-post_type menu-item-object-page menu-item-18114\"><a href=\"https:\/\/www.chip.cd\/?page_id=18066\">Urologie<\/a><\/li>\n<li id=\"menu-item-18124\" class=\"menu-item menu-item-type-post_type menu-item-object-page menu-item-18124\"><a href=\"https:\/\/www.chip.cd\/?page_id=18074\">Chirurgie Cardiaque Et Thoracique<\/a><\/li>\n<li id=\"menu-item-18115\" class=\"menu-item menu-item-type-post_type menu-item-object-page menu-item-18115\"><a href=\"https:\/\/www.chip.cd\/?page_id=18062\">Chirurgie Endovasculaire<\/a><\/li>\n<li id=\"menu-item-18125\" class=\"menu-item menu-item-type-post_type menu-item-object-page menu-item-18125\"><a href=\"https:\/\/www.chip.cd\/?page_id=18058\">Chirurgie Digestive<\/a><\/li>\n<li id=\"menu-item-18126\" class=\"menu-item menu-item-type-post_type menu-item-object-page menu-item-18126\"><a href=\"https:\/\/www.chip.cd\/?page_id=18062\">Chirurgie Endovasculaire<\/a><\/li>\n<li id=\"menu-item-18127\" class=\"menu-item menu-item-type-post_type menu-item-object-page menu-item-18127\"><a href=\"https:\/\/www.chip.cd\/?page_id=18032\">Chirurgie Maxillo-Faciale Et Stomatologie<\/a><\/li>\n<li id=\"menu-item-18129\" class=\"menu-item menu-item-type-post_type menu-item-object-page menu-item-18129\"><a href=\"https:\/\/www.chip.cd\/?page_id=3498\">Gastro-enterologie<\/a><\/li>\n<li id=\"menu-item-18130\" class=\"menu-item menu-item-type-post_type menu-item-object-page menu-item-18130\"><a href=\"https:\/\/www.chip.cd\/?page_id=18033\">H\u00e9matologie<\/a><\/li>\n<\/ul><\/div><\/div><div class=\"widget widget-port\">\n<figure class=\"wp-block-image size-full is-style-default\"><img fetchpriority=\"high\" decoding=\"async\" fetchpriority=\"high\" width=\"600\" height=\"745\" src=\"https:\/\/www.chip.cd\/wp-content\/uploads\/2023\/10\/call-img-1-2.jpg\" alt=\"\" class=\"wp-image-17897\" srcset=\"https:\/\/www.chip.cd\/wp-content\/uploads\/2023\/10\/call-img-1-2.jpg 600w, https:\/\/www.chip.cd\/wp-content\/uploads\/2023\/10\/call-img-1-2-242x300.jpg 242w\" sizes=\"(max-width: 600px) 100vw, 600px\" \/><\/figure>\n<\/div>\t\t<\/div>\n\t\t\t\t<\/div>\n\t\t\t\t\t<\/div>\n\t\t<\/div>\n\t\t\t\t<div class=\"elementor-column elementor-col-66 elementor-top-column elementor-element elementor-element-b67a8c8\" data-id=\"b67a8c8\" data-element_type=\"column\">\n\t\t\t<div class=\"elementor-widget-wrap elementor-element-populated\">\n\t\t\t\t\t\t\t\t<div class=\"elementor-element elementor-element-74f2325 elementor-widget elementor-widget-image\" data-id=\"74f2325\" data-element_type=\"widget\" data-widget_type=\"image.default\">\n\t\t\t\t<div class=\"elementor-widget-container\">\n\t\t\t<style>\/*! elementor - v3.18.0 - 04-12-2023 *\/\n.elementor-widget-image{text-align:center}.elementor-widget-image a{display:inline-block}.elementor-widget-image a img[src$=\".svg\"]{width:48px}.elementor-widget-image img{vertical-align:middle;display:inline-block}<\/style>\t\t\t\t\t\t\t\t\t\t\t\t<img decoding=\"async\" width=\"1400\" height=\"800\" src=\"https:\/\/www.chip.cd\/wp-content\/uploads\/2023\/10\/cardiologie.jpg\" class=\"attachment-full size-full wp-image-17754\" alt=\"\" srcset=\"https:\/\/www.chip.cd\/wp-content\/uploads\/2023\/10\/cardiologie.jpg 1400w, https:\/\/www.chip.cd\/wp-content\/uploads\/2023\/10\/cardiologie-300x171.jpg 300w, https:\/\/www.chip.cd\/wp-content\/uploads\/2023\/10\/cardiologie-1024x585.jpg 1024w, https:\/\/www.chip.cd\/wp-content\/uploads\/2023\/10\/cardiologie-768x439.jpg 768w, https:\/\/www.chip.cd\/wp-content\/uploads\/2023\/10\/cardiologie-600x343.jpg 600w\" sizes=\"(max-width: 1400px) 100vw, 1400px\" \/>\t\t\t\t\t\t\t\t\t\t\t\t\t\t\t<\/div>\n\t\t\t\t<\/div>\n\t\t\t\t<div class=\"elementor-element elementor-element-6c78655 elementor-widget elementor-widget-heading\" data-id=\"6c78655\" data-element_type=\"widget\" data-widget_type=\"heading.default\">\n\t\t\t\t<div class=\"elementor-widget-container\">\n\t\t\t<style>\/*! elementor - v3.18.0 - 04-12-2023 *\/\n.elementor-heading-title{padding:0;margin:0;line-height:1}.elementor-widget-heading .elementor-heading-title[class*=elementor-size-]>a{color:inherit;font-size:inherit;line-height:inherit}.elementor-widget-heading .elementor-heading-title.elementor-size-small{font-size:15px}.elementor-widget-heading .elementor-heading-title.elementor-size-medium{font-size:19px}.elementor-widget-heading .elementor-heading-title.elementor-size-large{font-size:29px}.elementor-widget-heading .elementor-heading-title.elementor-size-xl{font-size:39px}.elementor-widget-heading .elementor-heading-title.elementor-size-xxl{font-size:59px}<\/style><h4 class=\"elementor-heading-title elementor-size-default\">Nous disposons d'un service d'h\u00e9matologie, qui prend en charge les patients atteints de maladies du sang, telles que les leuc\u00e9mies, les lymphomes et les my\u00e9lome multiple.<\/h4>\t\t<\/div>\n\t\t\t\t<\/div>\n\t\t\t\t<div class=\"elementor-element elementor-element-1332a81 elementor-widget elementor-widget-text-editor\" data-id=\"1332a81\" data-element_type=\"widget\" data-widget_type=\"text-editor.default\">\n\t\t\t\t<div class=\"elementor-widget-container\">\n\t\t\t<style>\/*! elementor - v3.18.0 - 04-12-2023 *\/\n.elementor-widget-text-editor.elementor-drop-cap-view-stacked .elementor-drop-cap{background-color:#69727d;color:#fff}.elementor-widget-text-editor.elementor-drop-cap-view-framed .elementor-drop-cap{color:#69727d;border:3px solid;background-color:transparent}.elementor-widget-text-editor:not(.elementor-drop-cap-view-default) .elementor-drop-cap{margin-top:8px}.elementor-widget-text-editor:not(.elementor-drop-cap-view-default) .elementor-drop-cap-letter{width:1em;height:1em}.elementor-widget-text-editor .elementor-drop-cap{float:left;text-align:center;line-height:1;font-size:50px}.elementor-widget-text-editor .elementor-drop-cap-letter{display:inline-block}<\/style>\t\t\t\t<p style=\"margin: 0cm 0cm 18.0pt 0cm;\">Le service d&#8217;h\u00e9matologie du CHIP est compos\u00e9 d&#8217;une \u00e9quipe de m\u00e9decins, d&#8217;infirmi\u00e8res, d&#8217;aides-soignantes et de personnel administratif. Il est \u00e9quip\u00e9 d&#8217;un plateau technique de pointe, qui permet de r\u00e9aliser des examens et des traitements de haute qualit\u00e9.<\/p><p>Les principales missions du service d&#8217;h\u00e9matologie du CHIP sont les suivantes :<\/p>\t\t\t\t\t\t<\/div>\n\t\t\t\t<\/div>\n\t\t\t\t<div class=\"elementor-section elementor-inner-section elementor-element elementor-element-226dd4b elementor-section-boxed elementor-section-height-default elementor-section-height-default\" data-id=\"226dd4b\" data-element_type=\"section\">\n\t\t\t\t\t\t<div class=\"elementor-container elementor-column-gap-default\">\n\t\t\t\t\t<div class=\"elementor-column elementor-col-50 elementor-inner-column elementor-element elementor-element-b34d090\" data-id=\"b34d090\" data-element_type=\"column\">\n\t\t\t<div class=\"elementor-widget-wrap elementor-element-populated\">\n\t\t\t\t\t\t\t\t<div class=\"elementor-element elementor-element-71dd7fc elementor-icon-list--layout-traditional elementor-list-item-link-full_width elementor-widget elementor-widget-icon-list\" data-id=\"71dd7fc\" data-element_type=\"widget\" data-widget_type=\"icon-list.default\">\n\t\t\t\t<div class=\"elementor-widget-container\">\n\t\t\t<link rel=\"stylesheet\" href=\"https:\/\/www.chip.cd\/wp-content\/plugins\/elementor\/assets\/css\/widget-icon-list.min.css\">\t\t<ul class=\"elementor-icon-list-items\">\n\t\t\t\t\t\t\t<li class=\"elementor-icon-list-item\">\n\t\t\t\t\t\t\t\t\t\t\t<span class=\"elementor-icon-list-icon\">\n\t\t\t\t\t\t\t<i aria-hidden=\"true\" class=\"fas fa-check\"><\/i>\t\t\t\t\t\t<\/span>\n\t\t\t\t\t\t\t\t\t\t<span class=\"elementor-icon-list-text\">La prise en charge des patients atteints de maladies du sang<\/span>\n\t\t\t\t\t\t\t\t\t<\/li>\n\t\t\t\t\t\t\t\t<li class=\"elementor-icon-list-item\">\n\t\t\t\t\t\t\t\t\t\t\t<span class=\"elementor-icon-list-icon\">\n\t\t\t\t\t\t\t<i aria-hidden=\"true\" class=\"fas fa-check\"><\/i>\t\t\t\t\t\t<\/span>\n\t\t\t\t\t\t\t\t\t\t<span class=\"elementor-icon-list-text\">La recherche clinique<\/span>\n\t\t\t\t\t\t\t\t\t<\/li>\n\t\t\t\t\t\t<\/ul>\n\t\t\t\t<\/div>\n\t\t\t\t<\/div>\n\t\t\t\t\t<\/div>\n\t\t<\/div>\n\t\t\t\t<div class=\"elementor-column elementor-col-50 elementor-inner-column elementor-element elementor-element-24b01bc\" data-id=\"24b01bc\" data-element_type=\"column\">\n\t\t\t<div class=\"elementor-widget-wrap elementor-element-populated\">\n\t\t\t\t\t\t\t\t<div class=\"elementor-element elementor-element-b9d6c7d elementor-icon-list--layout-traditional elementor-list-item-link-full_width elementor-widget elementor-widget-icon-list\" data-id=\"b9d6c7d\" data-element_type=\"widget\" data-widget_type=\"icon-list.default\">\n\t\t\t\t<div class=\"elementor-widget-container\">\n\t\t\t\t\t<ul class=\"elementor-icon-list-items\">\n\t\t\t\t\t\t\t<li class=\"elementor-icon-list-item\">\n\t\t\t\t\t\t\t\t\t\t\t<span class=\"elementor-icon-list-icon\">\n\t\t\t\t\t\t\t<i aria-hidden=\"true\" class=\"fas fa-check\"><\/i>\t\t\t\t\t\t<\/span>\n\t\t\t\t\t\t\t\t\t\t<span class=\"elementor-icon-list-text\">L'enseignement<\/span>\n\t\t\t\t\t\t\t\t\t<\/li>\n\t\t\t\t\t\t<\/ul>\n\t\t\t\t<\/div>\n\t\t\t\t<\/div>\n\t\t\t\t\t<\/div>\n\t\t<\/div>\n\t\t\t\t\t\t\t<\/div>\n\t\t<\/div>\n\t\t\t\t<div class=\"elementor-element elementor-element-3ed9ed4 elementor-widget elementor-widget-heading\" data-id=\"3ed9ed4\" data-element_type=\"widget\" data-widget_type=\"heading.default\">\n\t\t\t\t<div class=\"elementor-widget-container\">\n\t\t\t<h4 class=\"elementor-heading-title elementor-size-default\">Le service d'h\u00e9matologie du CHIP est ouvert 24h\/24 et 7j\/7. Il est accessible par le biais du service des urgences ou sur rendez-vous..<br><\/h4>\t\t<\/div>\n\t\t\t\t<\/div>\n\t\t\t\t<div class=\"elementor-element elementor-element-4b07e79 elementor-widget elementor-widget-text-editor\" data-id=\"4b07e79\" data-element_type=\"widget\" data-widget_type=\"text-editor.default\">\n\t\t\t\t<div class=\"elementor-widget-container\">\n\t\t\t\t\t\t\t<p data-sourcepos=\"11:1-11:254\">Le service d&#8217;h\u00e9matologie du CHIP est un centre de r\u00e9f\u00e9rence r\u00e9gional pour la prise en charge des leuc\u00e9mies aigu\u00ebs my\u00e9loblastiques (LAM). Il participe \u00e9galement \u00e0 des essais cliniques internationaux, dans le cadre de la recherche sur les maladies du sang.<\/p><p data-sourcepos=\"15:1-15:22\"><strong>Les soins propos\u00e9s<\/strong><\/p><p data-sourcepos=\"17:1-17:94\">Le service d&#8217;h\u00e9matologie du CHIP propose une large gamme de soins, qui comprennent notamment :<\/p><ul data-sourcepos=\"19:1-23:0\"><li data-sourcepos=\"19:1-19:35\"><strong>Les traitements m\u00e9dicamenteux<\/strong><\/li><li data-sourcepos=\"20:1-20:32\"><strong>Les transfusions sanguines<\/strong><\/li><li data-sourcepos=\"21:1-21:35\"><strong>Les greffes de moelle osseuse<\/strong><\/li><li data-sourcepos=\"22:1-23:0\"><strong>Les traitements de support<\/strong><\/li><\/ul>\t\t\t\t\t\t<\/div>\n\t\t\t\t<\/div>\n\t\t\t\t<div class=\"elementor-section elementor-inner-section elementor-element elementor-element-eb72f53 elementor-section-boxed elementor-section-height-default elementor-section-height-default\" data-id=\"eb72f53\" data-element_type=\"section\">\n\t\t\t\t\t\t<div class=\"elementor-container elementor-column-gap-default\">\n\t\t\t\t\t<div class=\"elementor-column elementor-col-50 elementor-inner-column elementor-element elementor-element-cf6fbed\" data-id=\"cf6fbed\" data-element_type=\"column\">\n\t\t\t<div class=\"elementor-widget-wrap elementor-element-populated\">\n\t\t\t\t\t\t\t\t<div class=\"elementor-element elementor-element-57ea60e elementor-widget elementor-widget-image\" data-id=\"57ea60e\" data-element_type=\"widget\" data-widget_type=\"image.default\">\n\t\t\t\t<div class=\"elementor-widget-container\">\n\t\t\t\t\t\t\t\t\t\t\t\t\t\t\t<img decoding=\"async\" width=\"545\" height=\"581\" src=\"https:\/\/www.chip.cd\/wp-content\/uploads\/2023\/10\/pacemaker.jpg\" class=\"attachment-full size-full wp-image-17761\" alt=\"\" srcset=\"https:\/\/www.chip.cd\/wp-content\/uploads\/2023\/10\/pacemaker.jpg 545w, https:\/\/www.chip.cd\/wp-content\/uploads\/2023\/10\/pacemaker-281x300.jpg 281w\" sizes=\"(max-width: 545px) 100vw, 545px\" \/>\t\t\t\t\t\t\t\t\t\t\t\t\t\t\t<\/div>\n\t\t\t\t<\/div>\n\t\t\t\t\t<\/div>\n\t\t<\/div>\n\t\t\t\t<div class=\"elementor-column elementor-col-50 elementor-inner-column elementor-element elementor-element-ddf1008\" data-id=\"ddf1008\" data-element_type=\"column\">\n\t\t\t<div class=\"elementor-widget-wrap elementor-element-populated\">\n\t\t\t\t\t\t\t\t<div class=\"elementor-element elementor-element-3a8cfb6 elementor-widget elementor-widget-image\" data-id=\"3a8cfb6\" data-element_type=\"widget\" data-widget_type=\"image.default\">\n\t\t\t\t<div class=\"elementor-widget-container\">\n\t\t\t\t\t\t\t\t\t\t\t\t\t\t\t<img loading=\"lazy\" decoding=\"async\" width=\"545\" height=\"581\" src=\"https:\/\/www.chip.cd\/wp-content\/uploads\/2023\/10\/salle-chip.jpg\" class=\"attachment-full size-full wp-image-17763\" alt=\"\" srcset=\"https:\/\/www.chip.cd\/wp-content\/uploads\/2023\/10\/salle-chip.jpg 545w, https:\/\/www.chip.cd\/wp-content\/uploads\/2023\/10\/salle-chip-281x300.jpg 281w\" sizes=\"(max-width: 545px) 100vw, 545px\" \/>\t\t\t\t\t\t\t\t\t\t\t\t\t\t\t<\/div>\n\t\t\t\t<\/div>\n\t\t\t\t\t<\/div>\n\t\t<\/div>\n\t\t\t\t\t\t\t<\/div>\n\t\t<\/div>\n\t\t\t\t<div class=\"elementor-section elementor-inner-section elementor-element elementor-element-61ed4d0 elementor-section-boxed elementor-section-height-default elementor-section-height-default\" data-id=\"61ed4d0\" data-element_type=\"section\">\n\t\t\t\t\t\t<div class=\"elementor-container elementor-column-gap-default\">\n\t\t\t\t\t<div class=\"elementor-column elementor-col-100 elementor-inner-column elementor-element elementor-element-4edc182\" data-id=\"4edc182\" data-element_type=\"column\">\n\t\t\t<div class=\"elementor-widget-wrap elementor-element-populated\">\n\t\t\t\t\t\t\t\t<div class=\"elementor-element elementor-element-e5eb9d2 elementor-widget elementor-widget-heading\" data-id=\"e5eb9d2\" data-element_type=\"widget\" data-widget_type=\"heading.default\">\n\t\t\t\t<div class=\"elementor-widget-container\">\n\t\t\t<h4 class=\"elementor-heading-title elementor-size-default\">Conseils et informations sant\u00e9<\/h4>\t\t<\/div>\n\t\t\t\t<\/div>\n\t\t\t\t<div class=\"elementor-element elementor-element-3c233a9 elementor-widget elementor-widget-text-editor\" data-id=\"3c233a9\" data-element_type=\"widget\" data-widget_type=\"text-editor.default\">\n\t\t\t\t<div class=\"elementor-widget-container\">\n\t\t\t\t\t\t\t<p style=\"margin: 18.0pt 0cm 18.0pt 0cm;\"><strong><span style=\"font-family: 'Helvetica Neue'; font-weight: normal;\">Les patients qui recherchent des soins cardiaques de qualit\u00e9 peuvent \u00eatre assur\u00e9s que le CHIP est un excellent choix.<\/span><\/strong><\/p>\t\t\t\t\t\t<\/div>\n\t\t\t\t<\/div>\n\t\t\t\t<div class=\"elementor-element elementor-element-d69b94b elementor-widget elementor-widget-Accordion\" data-id=\"d69b94b\" data-element_type=\"widget\" data-widget_type=\"Accordion.default\">\n\t\t\t\t<div class=\"elementor-widget-container\">\n\t\t\t    \r\n<div class=\"pt-accordion-block \" >\r\n        \r\n    <div class=\"pt-accordion-box pt-active  1\">\r\n      <div class=\"pt-ad-title\">\r\n       \r\n        <h4 class=\"ad-title-text\">         \r\n          Les avantages sp\u00e9cifiques du CHIP pour l&#039;H\u00e9matologie comprennent :  \r\n\r\n           \r\n        \r\n       <\/h4>\r\n\r\n      <\/div>\r\n  \r\n      <div class=\"pt-accordion-details\">\r\n        \r\n         <p class=\"pt-detail-text\"> \u2022\tUne \u00e9quipe de professionnels de la sant\u00e9 qualifi\u00e9s et exp\u00e9riment\u00e9s\n\u2022\tUn \u00e9quipement de pointe\n\u2022\tUn environnement s\u00fbr et confortable\n\u2022\tDes soins abordables\n <\/p>\r\n       \r\n      <\/div>\r\n    <\/div>\r\n         \r\n    <div class=\"pt-accordion-box   2\">\r\n      <div class=\"pt-ad-title\">\r\n       \r\n        <h4 class=\"ad-title-text\">         \r\n          Voici quelques conseils pour les patients qui recherchent des soins au CHIP :  \r\n\r\n           \r\n        \r\n       <\/h4>\r\n\r\n      <\/div>\r\n  \r\n      <div class=\"pt-accordion-details\">\r\n        \r\n         <p class=\"pt-detail-text\"> \u2022\tApportez tous vos documents m\u00e9dicaux, y compris vos ordonnances, vos r\u00e9sultats de laboratoire et vos images m\u00e9dicales.\n\u2022\tSoyez pr\u00eat \u00e0 r\u00e9pondre \u00e0 des questions sur vos sympt\u00f4mes et votre historique m\u00e9dical.\n\u2022\tSoyez patient et coop\u00e9rant avec le personnel m\u00e9dical.\n\u2022\tDemandez de l&#8217;aide si vous avez des questions ou des pr\u00e9occupations.\n <\/p>\r\n       \r\n      <\/div>\r\n    <\/div>\r\n       \r\n  <\/div>\r\n          \t<script type=\"text\/javascript\">\r\n        \t\t \/*------------------------\r\n                Accordion\r\n                --------------------------*\/\r\n                jQuery('.pt-accordion-block .pt-accordion-box .pt-accordion-details').hide();\r\n                jQuery('.pt-accordion-block .pt-accordion-box:first').addClass('pt-active').children().slideDown('slow');\r\n                jQuery('.pt-accordion-block .pt-accordion-box').on(\"click\", function() {\r\n                    if (jQuery(this).children('div.pt-accordion-details').is(':hidden')) {\r\n                        jQuery('.pt-accordion-block .pt-accordion-box').removeClass('pt-active').children('div.pt-accordion-details').slideUp('slow');\r\n                        jQuery(this).toggleClass('pt-active').children('div.pt-accordion-details').slideDown('slow');\r\n                    }\r\n                });\r\n\r\n\r\n\r\n        \t<\/script>\r\n        \t\t<\/div>\n\t\t\t\t<\/div>\n\t\t\t\t\t<\/div>\n\t\t<\/div>\n\t\t\t\t\t\t\t<\/div>\n\t\t<\/div>\n\t\t\t\t\t<\/div>\n\t\t<\/div>\n\t\t\t\t\t\t\t<\/div>\n\t\t<\/div>\n\t\t\t\t\t\t\t<\/div>\n\t\t","protected":false},"excerpt":{"rendered":"<p>Nous disposons d&#8217;un service d&#8217;h\u00e9matologie, qui prend en charge les patients atteints de maladies du sang, telles que les leuc\u00e9mies, les lymphomes et les my\u00e9lome multiple. Le service d&#8217;h\u00e9matologie du CHIP est compos\u00e9 d&#8217;une \u00e9quipe de m\u00e9decins, d&#8217;infirmi\u00e8res, d&#8217;aides-soignantes et de personnel administratif. Il est \u00e9quip\u00e9 d&#8217;un plateau technique de pointe, qui permet de r\u00e9aliser [&hellip;]<\/p>\n","protected":false},"author":1,"featured_media":0,"parent":0,"menu_order":0,"comment_status":"closed","ping_status":"closed","template":"","meta":{"_monsterinsights_skip_tracking":false,"_monsterinsights_sitenote_active":false,"_monsterinsights_sitenote_note":"","_monsterinsights_sitenote_category":0,"footnotes":""},"class_list":["post-18033","page","type-page","status-publish","hentry"],"acf":[],"aioseo_notices":[],"_links":{"self":[{"href":"https:\/\/www.chip.cd\/index.php?rest_route=\/wp\/v2\/pages\/18033","targetHints":{"allow":["GET"]}}],"collection":[{"href":"https:\/\/www.chip.cd\/index.php?rest_route=\/wp\/v2\/pages"}],"about":[{"href":"https:\/\/www.chip.cd\/index.php?rest_route=\/wp\/v2\/types\/page"}],"author":[{"embeddable":true,"href":"https:\/\/www.chip.cd\/index.php?rest_route=\/wp\/v2\/users\/1"}],"replies":[{"embeddable":true,"href":"https:\/\/www.chip.cd\/index.php?rest_route=%2Fwp%2Fv2%2Fcomments&post=18033"}],"version-history":[{"count":18,"href":"https:\/\/www.chip.cd\/index.php?rest_route=\/wp\/v2\/pages\/18033\/revisions"}],"predecessor-version":[{"id":18236,"href":"https:\/\/www.chip.cd\/index.php?rest_route=\/wp\/v2\/pages\/18033\/revisions\/18236"}],"wp:attachment":[{"href":"https:\/\/www.chip.cd\/index.php?rest_route=%2Fwp%2Fv2%2Fmedia&parent=18033"}],"curies":[{"name":"wp","href":"https:\/\/api.w.org\/{rel}","templated":true}]}}